{"id":720,"date":"2024-01-29T08:15:42","date_gmt":"2024-01-29T07:15:42","guid":{"rendered":"https:\/\/www.middels.info\/?page_id=720"},"modified":"2024-01-29T08:37:55","modified_gmt":"2024-01-29T07:37:55","slug":"posaunenchor-der-kirchengemeinde-middels","status":"publish","type":"page","link":"https:\/\/www.middels.info\/?page_id=720","title":{"rendered":"Posaunenchor der Kirchengemeinde Middels"},"content":{"rendered":"\n<p>mit Gr\u00fcndung im Jahr 1919<\/p>\n\n\n\n<p>Ehemalige Gemeindeglieder gr\u00fcndeten unter wesentlich anderen Bedingungen unseren Posaunenchor. Bis heute wurden durch Chorobm\u00e4nner\u00a0bzw. Chorobfrauen und Chorleiter f\u00fcr seinen Erhalt\u00a0gesorgt. Fr\u00fcher war es lediglich M\u00e4nnern gestattet im Posaunenchor zu musizieren. Seit vielen Jahren spielen Frauen und M\u00e4nner gemeinsam zum &#8220;Lobe Gottes&#8221; und zur Freude aller Gemeindeglieder -zu erfreulichen- und auch zu weniger erfreulichen Anl\u00e4ssen, wie z.B. Trauerandachten. Gemeinsam nehmen wir alle Aufgaben unseres Posaunenchores an und setzen uns f\u00fcr seine Pr\u00e4senz ein. Wie andere Gruppen und Vereine unserer Gemeinde nehmen wir an Unternehmungen und Veranstaltungen teil, auch wenn diese keinen musikalischen Hintergrund pr\u00e4gen. Zu unseren \u00f6ffentlichen Events wie z.B. Konzerten, Ehrungsgottesdiensten\u00a0und Jubil\u00e4en und dem &#8220;Tag der Posaunench\u00f6re&#8221; laden wir meistens \u00fcber unser kirchliches Gemeindeblatt ein. Ab jetzt stellen wir diese gerne auch hier im Middelser Veranstaltungskalender dar. Weiter unternehmen wir posaunenchorinterne\u00a0Feste wie das MAD-Bo\u00dfeln (hier treffen sich die Posaunench\u00f6re der Kirchengemeinden Middels- Ardorf und Dunum zum Bosseln und anschlie\u00dfendem Gr\u00fcnkohlessen), Sommergrillen und unsere Weihnachtsfeier zur Gemeinschaftspflege unserer Bl\u00e4ser- und Bl\u00e4serinnen sowie passiver Mitglieder. F\u00fcr den Erhalt unseres Posaunenchores bieten wir von Zeit zu Zeit Bl\u00e4serausbildungen f\u00fcr Interessierte jeden Alters an. Hierf\u00fcr werden Instrumente und Bl\u00e4serschulen\u00a0zur Verf\u00fcgung gestellt. Gemeinsam mit den Anf\u00e4ngern besuchen wir Fortbildungen und \u00fcberregionale Posaunenfeste, wie z.B. das Bundesposaunenfest (2024 in Hamburg). F\u00fcr Anfragen und Anregungen sind wir gerne erreichbar und w\u00fcnschen allen eine gesunde, erfolgreiche und gute Zeit.\u00a0<\/p>\n\n\n\n<p class=\"has-text-align-right\">Ihr und Euer<br>Posaunenchor<br>der Kirchengemeinde Middels<br>mit Gr\u00fcndung im Jahr 1919<\/p>\n\n\n\n<figure class=\"wp-block-image size-large\"><img loading=\"lazy\" decoding=\"async\" width=\"1024\" height=\"684\" src=\"https:\/\/www.middels.info\/wp-content\/uploads\/2024\/01\/Posaunenchor_Middels-1024x684.jpg\" alt=\"\" class=\"wp-image-726\" srcset=\"https:\/\/www.middels.info\/wp-content\/uploads\/2024\/01\/Posaunenchor_Middels-1024x684.jpg 1024w, https:\/\/www.middels.info\/wp-content\/uploads\/2024\/01\/Posaunenchor_Middels-300x200.jpg 300w, https:\/\/www.middels.info\/wp-content\/uploads\/2024\/01\/Posaunenchor_Middels-768x513.jpg 768w, https:\/\/www.middels.info\/wp-content\/uploads\/2024\/01\/Posaunenchor_Middels-1536x1025.jpg 1536w, https:\/\/www.middels.info\/wp-content\/uploads\/2024\/01\/Posaunenchor_Middels.jpg 1600w\" sizes=\"auto, (max-width: 706px) 89vw, (max-width: 767px) 82vw, 740px\" \/><\/figure>\n","protected":false},"excerpt":{"rendered":"<p>mit Gr\u00fcndung im Jahr 1919 Ehemalige Gemeindeglieder gr\u00fcndeten unter wesentlich anderen Bedingungen unseren Posaunenchor. Bis heute wurden durch Chorobm\u00e4nner\u00a0bzw. Chorobfrauen und Chorleiter f\u00fcr seinen Erhalt\u00a0gesorgt. Fr\u00fcher war es lediglich M\u00e4nnern gestattet im Posaunenchor zu musizieren. Seit vielen Jahren spielen Frauen und M\u00e4nner gemeinsam zum &#8220;Lobe Gottes&#8221; und zur Freude aller Gemeindeglieder -zu erfreulichen- und auch &hellip; <\/p>\n<p class=\"link-more\"><a href=\"https:\/\/www.middels.info\/?page_id=720\" class=\"more-link\"><span class=\"screen-reader-text\">\u201ePosaunenchor der Kirchengemeinde Middels\u201c <\/span>weiterlesen<\/a><\/p>\n","protected":false},"author":1,"featured_media":0,"parent":0,"menu_order":0,"comment_status":"closed","ping_status":"closed","template":"","meta":{"footnotes":""},"class_list":["post-720","page","type-page","status-publish","hentry"],"publishpress_future_action":{"enabled":false,"date":"2026-05-02 15:56:02","action":"change-status","newStatus":"draft","terms":[],"taxonomy":"","extraData":[]},"publishpress_future_workflow_manual_trigger":{"enabledWorkflows":[]},"_links":{"self":[{"href":"https:\/\/www.middels.info\/index.php?rest_route=\/wp\/v2\/pages\/720","targetHints":{"allow":["GET"]}}],"collection":[{"href":"https:\/\/www.middels.info\/index.php?rest_route=\/wp\/v2\/pages"}],"about":[{"href":"https:\/\/www.middels.info\/index.php?rest_route=\/wp\/v2\/types\/page"}],"author":[{"embeddable":true,"href":"https:\/\/www.middels.info\/index.php?rest_route=\/wp\/v2\/users\/1"}],"replies":[{"embeddable":true,"href":"https:\/\/www.middels.info\/index.php?rest_route=%2Fwp%2Fv2%2Fcomments&post=720"}],"version-history":[{"count":5,"href":"https:\/\/www.middels.info\/index.php?rest_route=\/wp\/v2\/pages\/720\/revisions"}],"predecessor-version":[{"id":729,"href":"https:\/\/www.middels.info\/index.php?rest_route=\/wp\/v2\/pages\/720\/revisions\/729"}],"wp:attachment":[{"href":"https:\/\/www.middels.info\/index.php?rest_route=%2Fwp%2Fv2%2Fmedia&parent=720"}],"curies":[{"name":"wp","href":"https:\/\/api.w.org\/{rel}","templated":true}]}}