{"id":222,"date":"2019-07-30T09:06:26","date_gmt":"2019-07-30T07:06:26","guid":{"rendered":"http:\/\/www.middels.info\/?page_id=222"},"modified":"2019-07-30T09:14:40","modified_gmt":"2019-07-30T07:14:40","slug":"kurze-angaben-zu-langefeld-middels-und-spekendorf-was-der-urlauber-wissen-sollte","status":"publish","type":"page","link":"https:\/\/www.middels.info\/?page_id=222","title":{"rendered":"Kurze Angaben zu Langefeld, Middels und Spekendorf \u2013 was der Urlauber wissen sollte."},"content":{"rendered":"\n<p class=\"has-small-font-size\">von Arnold Gossel<\/p>\n\n\n\n<p class=\"has-drop-cap\">Die ehemals selbst\u00e4ndige Gemeinde Middels besteht aus den Ortsteilen Ogenbargen, Osterloog u. Westerloog. 1968 kam Langefeld zum Gemeindebereich von Middels hinzu. <\/p>\n\n\n\n<p>Durch die nieders\u00e4chsische Gebiets- und Gemeindereform von 1972 ist Middels mit Langefeld und Spekendorf zu einem Ortsrat zusammengefasst und der Stadt Aurich zugeschlagen worden. Dem Ortsrat geh\u00f6ren 5 Mitglieder an. <\/p>\n\n\n\n<p>Die landwirtschaftlich gepr\u00e4gten Orte zeichnen sich durch eine g\u00fcnstige geographische Lage aus. Ob nach Aurich, Esens, Wittmund oder Wiesmoor, die Entfernung zu den ostfriesischen St\u00e4dten betr\u00e4gt jeweils ca. 10 bis 13 km und gem\u00fctlich mit dem Fahrrad zu erreichen. Nach Emden, Leer und Wilhelmshaven sind es jeweils 35 bis 40 km. Zur Nordseek\u00fcste nach Bensersiel sind es nur ca. 18 km.<\/p>\n\n\n\n<p>In Langefeld, Middels und Spekendorf leben 2.350 Einwohner\/innen. Es gibt 28 Vereine, wovon 11 Vereine sich den unterschiedlichsten Musikrichtungen widmen. &nbsp;Besonders sind der Musikzug der Feuerwehr, der Posaunenchor und der Gemischte Chor zu nennen. Der mitgliedergr\u00f6\u00dfte Verein ist der Sportverein TuS Middels mit 6 Abteilungen, neben dem Landfrauenverein und dem Sch\u00fctzenverein Gl\u00fcck auf. &nbsp;Die Freiwillige Feuerwehr von Middels, mit ca. 100 aktiven Wehrm\u00e4nnern und \u2013frauen, ist eine St\u00fctzpunktfeuerwehr der Stadt Aurich und sehr gut ausgestattet. Das neue, 2018 gebaute Feuerwehrhaus an der Westerlooger Stra\u00dfe l\u00e4sst keine W\u00fcnsche offen.<\/p>\n\n\n\n<p>Die Pflege der ostfriesischen Tradition und der Gemeinschaft stehen bei den vier Bo\u00dfelvereinen (Ostfriesischer Volkssport) besonders im Vordergrund. Besucher\/innen wird der Sport gerne erl\u00e4utert und beigebracht.<\/p>\n\n\n\n<p>Unsere eigenst\u00e4ndige&nbsp; Grundschule, die Schule im Gr\u00fcnen beschult ca. 80 Kinder und wird im Fr\u00fchjahr 2020 zur Ganztagsschule erweitert. Unser erst vor einigen Jahren gebauter Kindergarten betreut in zwei Gruppen 50 Kinder. Im Herbst 2019 soll die neu erbaute Krippengruppe eingeweiht werden. <\/p>\n\n\n\n<p>Im Ortsteil Westerloog ist vor einigen Jahren eine betreute Wohnanlage f\u00fcr \u00e4ltere Menschen entstanden. <\/p>\n\n\n\n<p>Die Grundversorgung der Bev\u00f6lkerung ist als sehr gut zu bezeichnen. In Middels, Langefeld und Spekendorf gibt es einen praktischen Arzt, einen Zahnarzt, einen Tierarzt, Sparkassenautomat, einen Supermarkt mit B\u00e4ckerei und Schlachterei. Handwerksbetriebe wie Bauunternehmer, Tischlerei, Heizungsbauer und Elektriker. Im Gewerbegebiet \u201eHengstmoor\u201c sind ein Metallbaubetrieb, ein modernes Bad- u. K\u00fcchenstudio, ein M\u00f6belgesch\u00e4ft, Gartenartikel,&nbsp; Bagger- und Fuhrunternehmen und ein Taxiunternehmen zu finden. Die Raiffeisenwarengenossenschaft in Ogenbargen versorgt Landwirte und Gartenfreunde mit allen erdenklichen Artikeln. Baugrundst\u00fccke werden ab ca. 50 \u20ac je Quadratmeter erschlossen verkauft.<\/p>\n\n\n\n<p>Besonders die Gastronomie ist sehr ausgepr\u00e4gt. So beheimaten wir eine der gr\u00f6\u00dften Discotheken von Ostfriesland. Im \u201eRahmann\u201c ab September 2019 \u201eAURUM\u201c treffen sich nicht nur junge Leute. <\/p>\n\n\n\n<p>Die Hotellerie wird besonders von der \u201eAlten Post\u201c mit angegliedertem Fahrradhotel und dem \u201eSporthotel Middelpunkt\u201c gepr\u00e4gt. \u00dcber 220 G\u00e4ste k\u00f6nnen hier ihre Nachtruhe finden und in einem Saal f\u00fcr bis zu 500 Personen feiern. Im hoteleigenen Schwimmbad, der Sauna, im Massagestudio, der Bowlingbahn oder beim Kegeln k\u00f6nnen sich die Besucher entspannen. <\/p>\n\n\n\n<p>In der Gastst\u00e4tte \u201eAlte Schmiede\u201c werden den G\u00e4sten ebenfalls attraktive \u00dcbernachtungszimmer und \u201eOstfriesische Gem\u00fctlichkeit\u201c im gr\u00f6\u00dften Saal vom Kreis Aurich geboten. <\/p>\n\n\n\n<p>Saalbetrieb gib es au\u00dferdem im \u201eSch\u00fctzenhuus\u201c in Westerloog. Im Sch\u00fctzenhuus ist die modernste Schie\u00dfsportanlage von Nordwest Deutschland zu finden. Meisterschaften auf Kreis und Bezirksebene werden hier ausgetragen. Luftgewehrst\u00e4nde, Klein-und Gro\u00dfkaliber sowie Bogen k\u00f6nnen hier geschossen werden.<\/p>\n\n\n\n<p>Im \u201eGoldenen Anker\u201c von Langefeld befinden sich zwei S\u00e4le f\u00fcr bis zu 300 G\u00e4sten und vier Kegelbahnen. <\/p>\n\n\n\n<p>Die l\u00e4ndlichste Gastst\u00e4tte ist \u201eBadberg\u00b4s Gasthof\u201c in Osterloog mit einer langen Familientradition. <\/p>\n\n\n\n<p>15 Privatvermieter bieten den urlaubsuchenden G\u00e4sten gem\u00fctliche Ferienwohnungen und Zimmer mit Fr\u00fchst\u00fcck preisg\u00fcnstig an, auch ein \u201eHeu-Hotel\u201c kann gebucht werden. <\/p>\n\n\n\n<p>Besonders zu empfehlen sind unsere Ortsteile f\u00fcr Urlauber die frische Luft lieben und gerne Fahrrad fahren.&nbsp; <\/p>\n","protected":false},"excerpt":{"rendered":"<p>von Arnold Gossel Die ehemals selbst\u00e4ndige Gemeinde Middels besteht aus den Ortsteilen Ogenbargen, Osterloog u. Westerloog. 1968 kam Langefeld zum Gemeindebereich von Middels hinzu. Durch die nieders\u00e4chsische Gebiets- und Gemeindereform von 1972 ist Middels mit Langefeld und Spekendorf zu einem Ortsrat zusammengefasst und der Stadt Aurich zugeschlagen worden. Dem Ortsrat geh\u00f6ren 5 Mitglieder an. Die &hellip; <\/p>\n<p class=\"link-more\"><a href=\"https:\/\/www.middels.info\/?page_id=222\" class=\"more-link\"><span class=\"screen-reader-text\">\u201eKurze Angaben zu Langefeld, Middels und Spekendorf \u2013 was der Urlauber wissen sollte.\u201c <\/span>weiterlesen<\/a><\/p>\n","protected":false},"author":1,"featured_media":0,"parent":0,"menu_order":0,"comment_status":"closed","ping_status":"closed","template":"","meta":{"footnotes":""},"class_list":["post-222","page","type-page","status-publish","hentry"],"publishpress_future_action":{"enabled":false,"date":"2026-05-02 15:56:18","action":"change-status","newStatus":"draft","terms":[],"taxonomy":"","extraData":[]},"publishpress_future_workflow_manual_trigger":{"enabledWorkflows":[]},"_links":{"self":[{"href":"https:\/\/www.middels.info\/index.php?rest_route=\/wp\/v2\/pages\/222","targetHints":{"allow":["GET"]}}],"collection":[{"href":"https:\/\/www.middels.info\/index.php?rest_route=\/wp\/v2\/pages"}],"about":[{"href":"https:\/\/www.middels.info\/index.php?rest_route=\/wp\/v2\/types\/page"}],"author":[{"embeddable":true,"href":"https:\/\/www.middels.info\/index.php?rest_route=\/wp\/v2\/users\/1"}],"replies":[{"embeddable":true,"href":"https:\/\/www.middels.info\/index.php?rest_route=%2Fwp%2Fv2%2Fcomments&post=222"}],"version-history":[{"count":3,"href":"https:\/\/www.middels.info\/index.php?rest_route=\/wp\/v2\/pages\/222\/revisions"}],"predecessor-version":[{"id":233,"href":"https:\/\/www.middels.info\/index.php?rest_route=\/wp\/v2\/pages\/222\/revisions\/233"}],"wp:attachment":[{"href":"https:\/\/www.middels.info\/index.php?rest_route=%2Fwp%2Fv2%2Fmedia&parent=222"}],"curies":[{"name":"wp","href":"https:\/\/api.w.org\/{rel}","templated":true}]}}